{"id":461,"date":"2025-08-10T02:16:27","date_gmt":"2025-08-09T23:16:27","guid":{"rendered":"https:\/\/alanyarestoran.com\/?page_id=461"},"modified":"2025-10-11T21:50:30","modified_gmt":"2025-10-11T18:50:30","slug":"cerez-politikamiz","status":"publish","type":"page","link":"https:\/\/alanyarestoran.com\/en\/cerez-politikamiz\/","title":{"rendered":"Our Cookie Policy"},"content":{"rendered":"<div data-elementor-type=\"wp-page\" data-elementor-id=\"461\" class=\"elementor elementor-461\">\n\t\t\t\t<div class=\"elementor-element elementor-element-881bc0e e-flex e-con-boxed elementor-invisible e-con e-parent\" data-id=\"881bc0e\" data-element_type=\"container\" data-settings=\"{&quot;jet_parallax_layout_list&quot;:[],&quot;animation&quot;:&quot;fadeInUp&quot;}\">\n\t\t\t\t\t<div class=\"e-con-inner\">\n\t\t\t\t<div class=\"elementor-element elementor-element-a285214 elementor-widget elementor-widget-heading\" data-id=\"a285214\" data-element_type=\"widget\" data-widget_type=\"heading.default\">\n\t\t\t\t\t<h2 class=\"elementor-heading-title elementor-size-default\">\u00c7erez Politikas\u0131\n<\/h2>\t\t\t\t<\/div>\n\t\t\t\t<div class=\"elementor-element elementor-element-90f3f77 elementor-widget elementor-widget-text-editor\" data-id=\"90f3f77\" data-element_type=\"widget\" data-widget_type=\"text-editor.default\">\n\t\t\t\t\t\t\t\t\t<p data-start=\"301\" data-end=\"471\">Bu \u00c7erez Politikas\u0131, web sitemizi ziyaret eden kullan\u0131c\u0131lar\u0131n cihazlar\u0131na yerle\u015ftirilen \u00e7erezlerin (\u201ccookie\u201d) kullan\u0131m\u0131 ile ilgili bilgi vermek amac\u0131yla haz\u0131rlanm\u0131\u015ft\u0131r.<\/p><p data-start=\"473\" data-end=\"631\">Web sitemizi kullanarak, bu politikada belirtilen \u00e7erezlerin kullan\u0131lmas\u0131n\u0131 kabul etmi\u015f olursunuz. \u00c7erez tercihlerinizi diledi\u011finiz zaman de\u011fi\u015ftirebilirsiniz.<\/p><hr data-start=\"633\" data-end=\"636\" \/><h4 data-start=\"638\" data-end=\"660\"><strong data-start=\"641\" data-end=\"660\">1. \u00c7erez Nedir?<\/strong><\/h4><p data-start=\"661\" data-end=\"870\">\u00c7erezler, bir web sitesini ziyaret etti\u011finizde taray\u0131c\u0131n\u0131z arac\u0131l\u0131\u011f\u0131yla cihaz\u0131n\u0131za kaydedilen k\u00fc\u00e7\u00fck metin dosyalar\u0131d\u0131r. \u00c7erezler sayesinde, site ziyaretiniz boyunca veya sonraki ziyaretlerde cihaz\u0131n\u0131z tan\u0131n\u0131r.<\/p><hr data-start=\"872\" data-end=\"875\" \/><h4 data-start=\"877\" data-end=\"911\"><strong data-start=\"880\" data-end=\"911\">2. Kullan\u0131lan \u00c7erez T\u00fcrleri<\/strong><\/h4><p data-start=\"912\" data-end=\"965\">Web sitemizde a\u015fa\u011f\u0131daki \u00e7erez t\u00fcrleri kullan\u0131labilir:<\/p><ul data-start=\"967\" data-end=\"1611\"><li data-start=\"967\" data-end=\"1107\"><p data-start=\"969\" data-end=\"1107\"><strong data-start=\"969\" data-end=\"990\">Zorunlu \u00c7erezler:<\/strong> Sitenin \u00e7al\u0131\u015fmas\u0131 i\u00e7in gerekli olan \u00e7erezlerdir. Oturum a\u00e7ma, g\u00fcvenlik ve form doldurma gibi temel i\u015flevleri sa\u011flar.<\/p><\/li><li data-start=\"1108\" data-end=\"1239\"><p data-start=\"1110\" data-end=\"1239\"><strong data-start=\"1110\" data-end=\"1135\">Performans \u00c7erezleri:<\/strong> Site trafi\u011fini ve kullan\u0131m istatistiklerini analiz etmek i\u00e7in kullan\u0131l\u0131r. Kullan\u0131c\u0131 kimli\u011fi belirlemez.<\/p><\/li><li data-start=\"1240\" data-end=\"1343\"><p data-start=\"1242\" data-end=\"1343\"><strong data-start=\"1242\" data-end=\"1264\">\u0130\u015flevsel \u00c7erezler:<\/strong> Tercihlerinizi (dil, b\u00f6lge vb.) hat\u0131rlayarak kullan\u0131c\u0131 deneyimini iyile\u015ftirir.<\/p><\/li><li data-start=\"1344\" data-end=\"1488\"><p data-start=\"1346\" data-end=\"1488\"><strong data-start=\"1346\" data-end=\"1380\">Reklam ve Hedefleme \u00c7erezleri:<\/strong> \u0130lgi alanlar\u0131n\u0131za g\u00f6re ki\u015fiselle\u015ftirilmi\u015f reklamlar g\u00f6stermek i\u00e7in kullan\u0131l\u0131r (a\u00e7\u0131k r\u0131za al\u0131nmas\u0131 halinde).<\/p><\/li><li data-start=\"1489\" data-end=\"1611\"><p data-start=\"1491\" data-end=\"1611\"><strong data-start=\"1491\" data-end=\"1518\">\u00dc\u00e7\u00fcnc\u00fc Taraf \u00c7erezleri:<\/strong> Analitik ara\u00e7lar, reklam a\u011flar\u0131 veya sosyal medya platformlar\u0131 taraf\u0131ndan yerle\u015ftirilebilir.<\/p><\/li><\/ul><hr data-start=\"1613\" data-end=\"1616\" \/><h4 data-start=\"1618\" data-end=\"1656\"><strong data-start=\"1621\" data-end=\"1656\">3. \u00c7erezlerin Kullan\u0131m Ama\u00e7lar\u0131<\/strong><\/h4><p data-start=\"1657\" data-end=\"1701\">\u00c7erezler a\u015fa\u011f\u0131daki ama\u00e7larla kullan\u0131labilir:<\/p><ul data-start=\"1702\" data-end=\"1912\"><li data-start=\"1702\" data-end=\"1757\"><p data-start=\"1704\" data-end=\"1757\">Web sitesinin g\u00fcvenli ve verimli \u00e7al\u0131\u015fmas\u0131n\u0131 sa\u011flamak<\/p><\/li><li data-start=\"1758\" data-end=\"1793\"><p data-start=\"1760\" data-end=\"1793\">Kullan\u0131c\u0131 tercihlerini hat\u0131rlamak<\/p><\/li><li data-start=\"1794\" data-end=\"1828\"><p data-start=\"1796\" data-end=\"1828\">Trafik istatistikleri olu\u015fturmak<\/p><\/li><li data-start=\"1829\" data-end=\"1876\"><p data-start=\"1831\" data-end=\"1876\">\u0130lgi alanlar\u0131na uygun i\u00e7erik ve reklam sunmak<\/p><\/li><li data-start=\"1877\" data-end=\"1912\"><p data-start=\"1879\" data-end=\"1912\">Kullan\u0131c\u0131 deneyimini iyile\u015ftirmek<\/p><\/li><\/ul><hr data-start=\"1914\" data-end=\"1917\" \/><h4 data-start=\"1919\" data-end=\"1961\"><strong data-start=\"1922\" data-end=\"1961\">4. \u00c7erezlerin Y\u00f6netimi ve Silinmesi<\/strong><\/h4><p data-start=\"1962\" data-end=\"2142\">Taray\u0131c\u0131 ayarlar\u0131n\u0131zdan \u00e7erezleri engelleyebilir, silebilir veya uyar\u0131 alabilirsiniz.<br data-start=\"2047\" data-end=\"2050\" \/>Bunun i\u00e7in kullan\u0131lan taray\u0131c\u0131ya g\u00f6re a\u015fa\u011f\u0131daki ba\u011flant\u0131lar \u00fczerinden bilgi alabilirsiniz:<\/p><ul data-start=\"2144\" data-end=\"2451\"><li data-start=\"2144\" data-end=\"2211\"><p data-start=\"2146\" data-end=\"2211\"><a class=\"cursor-pointer\" target=\"_new\" rel=\"noopener\" data-start=\"2146\" data-end=\"2209\">Google Chrome<\/a><\/p><\/li><li data-start=\"2212\" data-end=\"2277\"><p data-start=\"2214\" data-end=\"2277\"><a class=\"cursor-pointer\" target=\"_new\" rel=\"noopener\" data-start=\"2214\" data-end=\"2275\">Mozilla Firefox<\/a><\/p><\/li><li data-start=\"2278\" data-end=\"2378\"><p data-start=\"2280\" data-end=\"2378\"><a class=\"cursor-pointer\" target=\"_new\" rel=\"noopener\" data-start=\"2280\" data-end=\"2376\">Microsoft Edge<\/a><\/p><\/li><li data-start=\"2379\" data-end=\"2451\"><p data-start=\"2381\" data-end=\"2451\"><a class=\"cursor-pointer\" target=\"_new\" rel=\"noopener\" data-start=\"2381\" data-end=\"2449\">Safari<\/a><\/p><\/li><\/ul><p data-start=\"2453\" data-end=\"2544\">\u00c7erezleri devre d\u0131\u015f\u0131 b\u0131rakman\u0131z halinde web sitemizin baz\u0131 b\u00f6l\u00fcmleri d\u00fczg\u00fcn \u00e7al\u0131\u015fmayabilir.<\/p><hr data-start=\"2546\" data-end=\"2549\" \/><h4 data-start=\"2551\" data-end=\"2583\"><strong data-start=\"2554\" data-end=\"2583\">5. \u00dc\u00e7\u00fcnc\u00fc Taraf \u00c7erezleri<\/strong><\/h4><p data-start=\"2584\" data-end=\"2799\">Web sitemiz, Google Analytics, Facebook Pixel gibi \u00fc\u00e7\u00fcnc\u00fc taraf hizmet sa\u011flay\u0131c\u0131lar\u0131n\u0131n \u00e7erezlerini kullanabilir. Bu \u00e7erezler hakk\u0131nda daha fazla bilgiye ilgili sa\u011flay\u0131c\u0131lar\u0131n kendi politikalar\u0131ndan ula\u015fabilirsiniz.<\/p><hr data-start=\"2801\" data-end=\"2804\" \/><h4 data-start=\"2806\" data-end=\"2850\"><strong data-start=\"2809\" data-end=\"2850\">6. KVKK ve GDPR Kapsam\u0131nda Haklar\u0131n\u0131z<\/strong><\/h4><p data-start=\"2851\" data-end=\"2941\">KVKK ve GDPR kapsam\u0131nda \u00e7erezler arac\u0131l\u0131\u011f\u0131yla i\u015flenen ki\u015fisel verilerinizle ilgili olarak:<\/p><ul data-start=\"2942\" data-end=\"3080\"><li data-start=\"2942\" data-end=\"2963\"><p data-start=\"2944\" data-end=\"2963\">Eri\u015fim talep etme<\/p><\/li><li data-start=\"2964\" data-end=\"2987\"><p data-start=\"2966\" data-end=\"2987\">D\u00fczeltme talep etme<\/p><\/li><li data-start=\"2988\" data-end=\"3008\"><p data-start=\"2990\" data-end=\"3008\">Silme talep etme<\/p><\/li><li data-start=\"3009\" data-end=\"3031\"><p data-start=\"3011\" data-end=\"3031\">\u0130\u015flemeyi k\u0131s\u0131tlama<\/p><\/li><li data-start=\"3032\" data-end=\"3080\"><p data-start=\"3034\" data-end=\"3080\">Object to the process<br data-start=\"3054\" data-end=\"3057\" \/>haklar\u0131na sahipsiniz.<\/p><\/li><\/ul><p data-start=\"3082\" data-end=\"3172\">Haklar\u0131n\u0131z\u0131 kullanmak i\u00e7in sitemizde yer alan ileti\u015fim kanallar\u0131ndan bize ula\u015fabilirsiniz.<\/p><hr data-start=\"3174\" data-end=\"3177\" \/><h4 data-start=\"3179\" data-end=\"3212\"><strong data-start=\"3182\" data-end=\"3212\">7. Politika De\u011fi\u015fiklikleri<\/strong><\/h4><p data-start=\"3213\" data-end=\"3321\">Bu \u00c7erez Politikas\u0131 zaman zaman g\u00fcncellenebilir. G\u00fcncel s\u00fcr\u00fcm web sitemizde yay\u0131nland\u0131\u011f\u0131nda y\u00fcr\u00fcrl\u00fc\u011fe girer.<\/p>\t\t\t\t\t\t\t\t<\/div>\n\t\t\t\t\t<\/div>\n\t\t\t\t<\/div>\n\t\t\t\t<\/div>","protected":false},"excerpt":{"rendered":"<p>Cookie Policy This Cookie Policy has been prepared to provide information about the use of cookies placed on the devices of users visiting our website. By using our website, you agree to the use of cookies as outlined in this policy. You can change your cookie preferences at any time. 1. What are Cookies? Cookies are small text files saved on your device through your browser when you visit a website. [\u2026]<\/p>","protected":false},"author":1,"featured_media":633,"parent":0,"menu_order":0,"comment_status":"closed","ping_status":"closed","template":"elementor_header_footer","meta":{"_acf_changed":false,"footnotes":""},"class_list":["post-461","page","type-page","status-publish","has-post-thumbnail","hentry"],"acf":[],"yoast_head":"<!-- This site is optimized with the Yoast SEO plugin v25.6 - https:\/\/yoast.com\/wordpress\/plugins\/seo\/ -->\n<title>\u00c7erez Politikam\u0131z - Alanya Kasap | Alanya Restoran<\/title>\n<meta name=\"robots\" content=\"index, follow, max-snippet:-1, max-image-preview:large, max-video-preview:-1\" \/>\n<link rel=\"canonical\" href=\"https:\/\/alanyarestoran.com\/en\/cerez-politikamiz\/\" \/>\n<meta property=\"og:locale\" content=\"en_US\" \/>\n<meta property=\"og:type\" content=\"article\" \/>\n<meta property=\"og:title\" content=\"\u00c7erez Politikam\u0131z - Alanya Kasap | Alanya Restoran\" \/>\n<meta property=\"og:description\" content=\"\u00c7erez Politikas\u0131 Bu \u00c7erez Politikas\u0131, web sitemizi ziyaret eden kullan\u0131c\u0131lar\u0131n cihazlar\u0131na yerle\u015ftirilen \u00e7erezlerin (\u201ccookie\u201d) kullan\u0131m\u0131 ile ilgili bilgi vermek amac\u0131yla haz\u0131rlanm\u0131\u015ft\u0131r. Web sitemizi kullanarak, bu politikada belirtilen \u00e7erezlerin kullan\u0131lmas\u0131n\u0131 kabul etmi\u015f olursunuz. \u00c7erez tercihlerinizi diledi\u011finiz zaman de\u011fi\u015ftirebilirsiniz. 1. \u00c7erez Nedir? \u00c7erezler, bir web sitesini ziyaret etti\u011finizde taray\u0131c\u0131n\u0131z arac\u0131l\u0131\u011f\u0131yla cihaz\u0131n\u0131za kaydedilen k\u00fc\u00e7\u00fck metin dosyalar\u0131d\u0131r. \u00c7erezler sayesinde, [&hellip;]\" \/>\n<meta property=\"og:url\" content=\"https:\/\/alanyarestoran.com\/en\/cerez-politikamiz\/\" \/>\n<meta property=\"og:site_name\" content=\"Alanya Kasap | Alanya Restoran\" \/>\n<meta property=\"article:modified_time\" content=\"2025-10-11T18:50:30+00:00\" \/>\n<meta property=\"og:image\" content=\"https:\/\/alanyarestoran.com\/wp-content\/uploads\/2025\/10\/Lider-Et-Mangal-Favicon.png\" \/>\n\t<meta property=\"og:image:width\" content=\"1024\" \/>\n\t<meta property=\"og:image:height\" content=\"1024\" \/>\n\t<meta property=\"og:image:type\" content=\"image\/png\" \/>\n<meta name=\"twitter:card\" content=\"summary_large_image\" \/>\n<meta name=\"twitter:label1\" content=\"Est. reading time\" \/>\n\t<meta name=\"twitter:data1\" content=\"2 minutes\" \/>\n<script type=\"application\/ld+json\" class=\"yoast-schema-graph\">{\"@context\":\"https:\/\/schema.org\",\"@graph\":[{\"@type\":\"WebPage\",\"@id\":\"https:\/\/alanyarestoran.com\/cerez-politikamiz\/\",\"url\":\"https:\/\/alanyarestoran.com\/cerez-politikamiz\/\",\"name\":\"\u00c7erez Politikam\u0131z - Alanya Kasap | Alanya Restoran\",\"isPartOf\":{\"@id\":\"https:\/\/alanyarestoran.com\/#website\"},\"primaryImageOfPage\":{\"@id\":\"https:\/\/alanyarestoran.com\/cerez-politikamiz\/#primaryimage\"},\"image\":{\"@id\":\"https:\/\/alanyarestoran.com\/cerez-politikamiz\/#primaryimage\"},\"thumbnailUrl\":\"https:\/\/alanyarestoran.com\/wp-content\/uploads\/2025\/10\/Lider-Et-Mangal-Favicon.png\",\"datePublished\":\"2025-08-09T23:16:27+00:00\",\"dateModified\":\"2025-10-11T18:50:30+00:00\",\"breadcrumb\":{\"@id\":\"https:\/\/alanyarestoran.com\/cerez-politikamiz\/#breadcrumb\"},\"inLanguage\":\"en-US\",\"potentialAction\":[{\"@type\":\"ReadAction\",\"target\":[\"https:\/\/alanyarestoran.com\/cerez-politikamiz\/\"]}]},{\"@type\":\"ImageObject\",\"inLanguage\":\"en-US\",\"@id\":\"https:\/\/alanyarestoran.com\/cerez-politikamiz\/#primaryimage\",\"url\":\"https:\/\/alanyarestoran.com\/wp-content\/uploads\/2025\/10\/Lider-Et-Mangal-Favicon.png\",\"contentUrl\":\"https:\/\/alanyarestoran.com\/wp-content\/uploads\/2025\/10\/Lider-Et-Mangal-Favicon.png\",\"width\":1024,\"height\":1024},{\"@type\":\"BreadcrumbList\",\"@id\":\"https:\/\/alanyarestoran.com\/cerez-politikamiz\/#breadcrumb\",\"itemListElement\":[{\"@type\":\"ListItem\",\"position\":1,\"name\":\"Anasayfa\",\"item\":\"https:\/\/alanyarestoran.com\/\"},{\"@type\":\"ListItem\",\"position\":2,\"name\":\"\u00c7erez Politikam\u0131z\"}]},{\"@type\":\"WebSite\",\"@id\":\"https:\/\/alanyarestoran.com\/#website\",\"url\":\"https:\/\/alanyarestoran.com\/\",\"name\":\"Alanya Kasap | Alanya Restoran\",\"description\":\"Alanya Kasap | Alanya Restoran\",\"potentialAction\":[{\"@type\":\"SearchAction\",\"target\":{\"@type\":\"EntryPoint\",\"urlTemplate\":\"https:\/\/alanyarestoran.com\/?s={search_term_string}\"},\"query-input\":{\"@type\":\"PropertyValueSpecification\",\"valueRequired\":true,\"valueName\":\"search_term_string\"}}],\"inLanguage\":\"en-US\"}]}<\/script>\n<!-- \/ Yoast SEO plugin. -->","yoast_head_json":{"title":"\u00c7erez Politikam\u0131z - Alanya Kasap | Alanya Restoran","robots":{"index":"index","follow":"follow","max-snippet":"max-snippet:-1","max-image-preview":"max-image-preview:large","max-video-preview":"max-video-preview:-1"},"canonical":"https:\/\/alanyarestoran.com\/en\/cerez-politikamiz\/","og_locale":"en_US","og_type":"article","og_title":"\u00c7erez Politikam\u0131z - Alanya Kasap | Alanya Restoran","og_description":"\u00c7erez Politikas\u0131 Bu \u00c7erez Politikas\u0131, web sitemizi ziyaret eden kullan\u0131c\u0131lar\u0131n cihazlar\u0131na yerle\u015ftirilen \u00e7erezlerin (\u201ccookie\u201d) kullan\u0131m\u0131 ile ilgili bilgi vermek amac\u0131yla haz\u0131rlanm\u0131\u015ft\u0131r. Web sitemizi kullanarak, bu politikada belirtilen \u00e7erezlerin kullan\u0131lmas\u0131n\u0131 kabul etmi\u015f olursunuz. \u00c7erez tercihlerinizi diledi\u011finiz zaman de\u011fi\u015ftirebilirsiniz. 1. \u00c7erez Nedir? \u00c7erezler, bir web sitesini ziyaret etti\u011finizde taray\u0131c\u0131n\u0131z arac\u0131l\u0131\u011f\u0131yla cihaz\u0131n\u0131za kaydedilen k\u00fc\u00e7\u00fck metin dosyalar\u0131d\u0131r. \u00c7erezler sayesinde, [&hellip;]","og_url":"https:\/\/alanyarestoran.com\/en\/cerez-politikamiz\/","og_site_name":"Alanya Kasap | Alanya Restoran","article_modified_time":"2025-10-11T18:50:30+00:00","og_image":[{"width":1024,"height":1024,"url":"https:\/\/alanyarestoran.com\/wp-content\/uploads\/2025\/10\/Lider-Et-Mangal-Favicon.png","type":"image\/png"}],"twitter_card":"summary_large_image","twitter_misc":{"Est. reading time":"2 minutes"},"schema":{"@context":"https:\/\/schema.org","@graph":[{"@type":"WebPage","@id":"https:\/\/alanyarestoran.com\/cerez-politikamiz\/","url":"https:\/\/alanyarestoran.com\/cerez-politikamiz\/","name":"\u00c7erez Politikam\u0131z - Alanya Kasap | Alanya Restoran","isPartOf":{"@id":"https:\/\/alanyarestoran.com\/#website"},"primaryImageOfPage":{"@id":"https:\/\/alanyarestoran.com\/cerez-politikamiz\/#primaryimage"},"image":{"@id":"https:\/\/alanyarestoran.com\/cerez-politikamiz\/#primaryimage"},"thumbnailUrl":"https:\/\/alanyarestoran.com\/wp-content\/uploads\/2025\/10\/Lider-Et-Mangal-Favicon.png","datePublished":"2025-08-09T23:16:27+00:00","dateModified":"2025-10-11T18:50:30+00:00","breadcrumb":{"@id":"https:\/\/alanyarestoran.com\/cerez-politikamiz\/#breadcrumb"},"inLanguage":"en-US","potentialAction":[{"@type":"ReadAction","target":["https:\/\/alanyarestoran.com\/cerez-politikamiz\/"]}]},{"@type":"ImageObject","inLanguage":"en-US","@id":"https:\/\/alanyarestoran.com\/cerez-politikamiz\/#primaryimage","url":"https:\/\/alanyarestoran.com\/wp-content\/uploads\/2025\/10\/Lider-Et-Mangal-Favicon.png","contentUrl":"https:\/\/alanyarestoran.com\/wp-content\/uploads\/2025\/10\/Lider-Et-Mangal-Favicon.png","width":1024,"height":1024},{"@type":"BreadcrumbList","@id":"https:\/\/alanyarestoran.com\/cerez-politikamiz\/#breadcrumb","itemListElement":[{"@type":"ListItem","position":1,"name":"Anasayfa","item":"https:\/\/alanyarestoran.com\/"},{"@type":"ListItem","position":2,"name":"\u00c7erez Politikam\u0131z"}]},{"@type":"WebSite","@id":"https:\/\/alanyarestoran.com\/#website","url":"https:\/\/alanyarestoran.com\/","name":"Alanya Kasap | Alanya Restoran","description":"Alanya Kasap | Alanya Restoran","potentialAction":[{"@type":"SearchAction","target":{"@type":"EntryPoint","urlTemplate":"https:\/\/alanyarestoran.com\/?s={search_term_string}"},"query-input":{"@type":"PropertyValueSpecification","valueRequired":true,"valueName":"search_term_string"}}],"inLanguage":"en-US"}]}},"_links":{"self":[{"href":"https:\/\/alanyarestoran.com\/en\/wp-json\/wp\/v2\/pages\/461","targetHints":{"allow":["GET"]}}],"collection":[{"href":"https:\/\/alanyarestoran.com\/en\/wp-json\/wp\/v2\/pages"}],"about":[{"href":"https:\/\/alanyarestoran.com\/en\/wp-json\/wp\/v2\/types\/page"}],"author":[{"embeddable":true,"href":"https:\/\/alanyarestoran.com\/en\/wp-json\/wp\/v2\/users\/1"}],"replies":[{"embeddable":true,"href":"https:\/\/alanyarestoran.com\/en\/wp-json\/wp\/v2\/comments?post=461"}],"version-history":[{"count":14,"href":"https:\/\/alanyarestoran.com\/en\/wp-json\/wp\/v2\/pages\/461\/revisions"}],"predecessor-version":[{"id":637,"href":"https:\/\/alanyarestoran.com\/en\/wp-json\/wp\/v2\/pages\/461\/revisions\/637"}],"wp:featuredmedia":[{"embeddable":true,"href":"https:\/\/alanyarestoran.com\/en\/wp-json\/wp\/v2\/media\/633"}],"wp:attachment":[{"href":"https:\/\/alanyarestoran.com\/en\/wp-json\/wp\/v2\/media?parent=461"}],"curies":[{"name":"wp","href":"https:\/\/api.w.org\/{rel}","templated":true}]}}